{"id":74,"date":"2025-10-16T06:20:35","date_gmt":"2025-10-16T03:20:35","guid":{"rendered":"https:\/\/tqstrading.com.br\/?page_id=74"},"modified":"2026-01-23T04:21:44","modified_gmt":"2026-01-23T01:21:44","slug":"mesmerize","status":"publish","type":"page","link":"https:\/\/tqstrading.com.br\/","title":{"rendered":"Front Page"},"content":{"rendered":"<div  id=\"about-1\" style=\"background-color: #f5fafd;\" data-label=\"About\" data-id=\"about-1\" data-export-id=\"about-1\" data-category=\"about\" class=\"about-1 content-section\"><div  class=\"gridContainer\"> <div  class=\"row text-center\"><div  class=\"section-title-col\" data-type=\"column\">  <h2  class=\"\">SOBRE N\u00d3S<\/h2> <p  class=\"lead\">A Empresa TQS Trading atua no mercado de resinas com experi\u00eancia, profissionalismo e pontualidade na entrega.<br ><br >Nosso principal objetivo \u00e9 atender as necessidades do cliente, auxiliando a encontrar as melhores solu\u00e7\u00f5es.<br >custo-benef\u00edcios em materiais.<\/p><h5  class=\"\">\u2022 Atacadista de Mat\u00e9ria Prima Prime<br >\u2022 Material recuperado\/industrial<\/h5><\/div> <\/div> <div  class=\"row\"> <div  class=\"button-holder space-bottom space-bottom-small\" data-type=\"column\"> <\/div> <div  class=\"col-xs bottom-xs flexbox image-group-bottom-3-img space-bottom-xs center-xs\"> <img  decoding=\"async\" class=\"left-img shadow-large-black\" data-size=\"500x300\" src=\"https:\/\/tqstrading.com.br\/wp-content\/uploads\/2025\/10\/cropped-g1fe53c9b34a33ab7e4eb7f492c72321004a7a7ec7eccf46cc9ea49e0480a7f8d6aecdbd6c6cb09d3219765280aa8c123fb511b2611ea5fa579c5eba90b4d8f9d_1280-1061731.jpg\" alt=\"g1fe53c9b34a33ab7e4eb7f492c72321004a7a7ec7eccf46cc9ea49e0480a7f8d6aecdbd6c6cb09d3219765280aa8c123fb511b2611ea5fa579c5eba90b4d8f9d 1280 1061731\" title=\"g1fe53c9b34a33ab7e4eb7f492c72321004a7a7ec7eccf46cc9ea49e0480a7f8d6aecdbd6c6cb09d3219765280aa8c123fb511b2611ea5fa579c5eba90b4d8f9d 1280 1061731\"> <img  decoding=\"async\" class=\"center-img shadow-large-black\" data-size=\"500x300\" src=\"https:\/\/tqstrading.com.br\/wp-content\/uploads\/2026\/01\/logo-tqs.jpeg\" alt=\"\" title=\"logo-tqs\"> <img  decoding=\"async\" class=\"right-img shadow-large-black\" data-size=\"500x300\" src=\"https:\/\/tqstrading.com.br\/wp-content\/uploads\/2025\/10\/gb3e68917853c307a3f9d9880ba7a4962a92ccf59b85a204bb0d93118123bdd89d3581347404a2ffcbcf8892921352d0f4927cd62d115fa78533cbfe184289ff2_1280-2245754.jpg\" alt=\"material, technology, industrial, engineering, science, supply, pile, material science, plastic, polymer, gray science, polymer, polymer, polymer, polymer, polymer\" title=\"gb3e68917853c307a3f9d9880ba7a4962a92ccf59b85a204bb0d93118123bdd89d3581347404a2ffcbcf8892921352d0f4927cd62d115fa78533cbfe184289ff2 1280 2245754\"><\/div> <\/div><\/div> <\/div><div  data-label=\"Cta\" data-id=\"cta--1\" data-export-id=\"cta-blue-section\" data-category=\"cta\" class=\"cta-blue-section content-section content-section-spacing-medium bg-color1 white-text\" id=\"cta-1\" style=\"background-image: none; background-color: rgb(255, 255, 255);\"><div  class=\"gridContainer\"> <div  class=\"row middle-xs\"><div  class=\"col-sm-8 space-bottom-xs\" data-type=\"column\">  <\/div> <div  class=\"col-sm-4 end-sm\" data-type=\"column\"> <\/div> <\/div><\/div> <\/div><div  id=\"features-3\" style=\"background-color: #ffffff;\" data-label=\"Features\" data-id=\"features-12-card-bordered\" data-export-id=\"features-12-card-bordered\" data-category=\"features\" class=\"features-12-card-bordered content-section content-section-spacing \"><div  class=\"gridContainer\"> <div  class=\"row text-center\"><div  class=\"section-title-col\" data-type=\"column\"> <h2  class=\"\">PRODUTOS<\/h2> <p  class=\"lead\">Trabalhamos com materiais, virgem, off grade, reciclados: p\u00f3s industria e p\u00f3s consumo:<\/p><\/div> <\/div> <div  class=\"row spaced-cols\" data-type=\"row\">   <div  class=\"col-sm-6 col-md-6 \"> <div  class=\"card row-card bordered y-move\"> <div  class=\"row\"> <div  class=\"col-sm-fit icon-column\"> <i  class=\"fa icon color2 fa-arrow-circle-right bordered round\"><\/i> <\/div> <div  class=\"col-sm\" data-type=\"column\"> <h5  class=\"color2\">MATERIAIS NOVOS\/VIRGEM:<\/h5> <p  class=\"\">\u2022 PEAD: FILME, INJE\u00c7\u00c3O, SOPRO<br >\u2022 PEBD: FILME, INJE\u00c7\u00c3O, SOPRO<\/p><\/div> <\/div><\/div> <\/div> <div  class=\"col-sm-6 col-md-6 \"> <div  class=\"card row-card bordered y-move\"> <div  class=\"row\"> <div  class=\"col-sm-fit icon-column\"> <i  class=\"fa icon color2 fa-arrow-circle-right bordered round\"><\/i> <\/div> <div  class=\"col-sm\" data-type=\"column\"> <h5  class=\"color2\">MATERIAIS: OFF GRADE RECUPERADOS:<\/h5> <p  class=\"\">\u2022 PEBD: FILME, INJE\u00c7\u00c3O, SOPRO<br >\u2022 PEAD: FILME, INJE\u00c7\u00c3O, SOPRO<\/p><\/div> <\/div><\/div> <\/div><\/div> <\/div><\/div><div  data-label=\"Features\" data-id=\"features--1\" data-export-id=\"features-12\" data-category=\"features\" class=\"features-12 content-section content-section-spacing \" id=\"features-4\" style=\"background-color: rgb(245, 250, 253);\"><div  class=\"gridContainer\"> <div  class=\"row text-center\"><div  class=\"section-title-col\" data-type=\"column\"> <h2  class=\"\">Endere\u00e7o<\/h2> <p  class=\"lead\">Rua Alexandre Gusm\u00e3o, 11 \u2013 Valongo \u2013 Santos\/SP<br >9\u00ba andar \u2013 Sala: 911\n<br ><b >E-mail:<\/b> contato@tqstrading.com.br\n<br ><b >Fone:<\/b> +55 (13) 2202-8949<\/p><\/div> <\/div> <div  class=\"row spaced-cols\" data-type=\"row\">    <div  class=\"col-sm-6\"><div  class=\"row space-bottom\"> <div  class=\"col-sm-fit icon-column\" data-preview-empty=\"1\"><\/div> <div  class=\"col-sm\" data-type=\"column\"> <\/div> <\/div><\/div> <\/div><\/div> <\/div><div  id=\"contact-1\" data-label=\"Contact\" data-id=\"contact-1\" data-export-id=\"contact-1\" data-category=\"contact\" class=\"contact-1 content-section content-section-spacing white-text\" data-parallax-depth=\"20\" style=\"background-size: cover; background-position: center top;\"><div  class=\"gridContainer\"> <div  class=\"row text-center\"><div  class=\"section-title-col\" data-type=\"column\"> <h2  class=\"\">Contato<\/h2> <p  class=\"lead\">Entre em contato e saiba quais solu\u00e7\u00f5es podem melhor atend\u00ea-lo.<\/p><\/div> <\/div> <div  class=\"row text-center\"> <div  class=\"col-xs-12 col-sm-8 col-sm-offset-2 contact-form-wrapper inline-info\"> <div  class=\"card large-padding\"> <div  class=\"\" data-content-shortcode=\"mesmerize_contact_form shortcode=&quot;wpforms id=&amp;amp;quot;19&amp;amp;quot;&quot;\" data-editable=\"true\"><style id=\"wpforms-css-vars-19\">\n\t\t\t\t#wpforms-19 {\n\t\t\t\t--wpforms-container-padding: 0px;\n--wpforms-container-border-width: 1px;\n--wpforms-container-border-radius: 3px;\n--wpforms-background-color: rgba(0, 0, 0, 0);\n--wpforms-field-size-input-height: 43px;\n--wpforms-field-size-input-spacing: 15px;\n--wpforms-field-size-font-size: 16px;\n--wpforms-field-size-line-height: 19px;\n--wpforms-field-size-padding-h: 14px;\n--wpforms-field-size-checkbox-size: 16px;\n--wpforms-field-size-sublabel-spacing: 5px;\n--wpforms-field-size-icon-size: 1;\n--wpforms-label-size-font-size: 16px;\n--wpforms-label-size-line-height: 19px;\n--wpforms-label-size-sublabel-font-size: 14px;\n--wpforms-label-size-sublabel-line-height: 17px;\n--wpforms-button-size-font-size: 17px;\n--wpforms-button-size-height: 41px;\n--wpforms-button-size-padding-h: 15px;\n--wpforms-button-size-margin-top: 10px;\n--wpforms-container-shadow-size-box-shadow: none;\n\t\t\t}\n\t\t\t<\/style><div class=\"wpforms-container wpforms-container-full wpforms-render-modern\" id=\"wpforms-19\"><form id=\"wpforms-form-19\" class=\"wpforms-validate wpforms-form\" data-formid=\"19\" method=\"post\" enctype=\"multipart\/form-data\" action=\"\/index.php?rest_route=%2Fwp%2Fv2%2Fpages%2F74\" data-token=\"ee2177ebcefe7e8273aefa579fa3d989\" data-token-time=\"1778375124\"><noscript class=\"wpforms-error-noscript\">Ative o JavaScript no seu navegador para preencher este formul\u00e1rio.<\/noscript><div id=\"wpforms-error-noscript\" style=\"display: none;\">Ative o JavaScript no seu navegador para preencher este formul\u00e1rio.<\/div><div class=\"wpforms-field-container\"><div id=\"wpforms-19-field_0-container\" class=\"wpforms-field wpforms-field-name\" data-field-id=\"0\"><label class=\"wpforms-field-label\" for=\"wpforms-19-field_0\">Nome Completo <span class=\"wpforms-required-label\" aria-hidden=\"true\">*<\/span><\/label><input type=\"text\" id=\"wpforms-19-field_0\" class=\"wpforms-field-large wpforms-field-required\" name=\"wpforms[fields][0]\" aria-errormessage=\"wpforms-19-field_0-error\" required><\/div><div id=\"wpforms-19-field_1-container\" class=\"wpforms-field wpforms-field-email\" data-field-id=\"1\"><label class=\"wpforms-field-label\" for=\"wpforms-19-field_1\">Email <span class=\"wpforms-required-label\" aria-hidden=\"true\">*<\/span><\/label><input type=\"email\" id=\"wpforms-19-field_1\" class=\"wpforms-field-large wpforms-field-required\" name=\"wpforms[fields][1]\" spellcheck=\"false\" aria-errormessage=\"wpforms-19-field_1-error\" required><\/div><div id=\"wpforms-19-field_2-container\" class=\"wpforms-field wpforms-field-textarea\" data-field-id=\"2\"><label class=\"wpforms-field-label\" for=\"wpforms-19-field_2\">Mensagem <span class=\"wpforms-required-label\" aria-hidden=\"true\">*<\/span><\/label><textarea id=\"wpforms-19-field_2\" class=\"wpforms-field-medium wpforms-field-required\" name=\"wpforms[fields][2]\" aria-errormessage=\"wpforms-19-field_2-error\" required><\/textarea><\/div><\/div><!-- .wpforms-field-container --><div class=\"wpforms-field wpforms-field-hp\"><label for=\"wpforms-19-field-hp\" class=\"wpforms-field-label\">Name<\/label><input type=\"text\" name=\"wpforms[hp]\" id=\"wpforms-19-field-hp\" class=\"wpforms-field-medium\"><\/div><div class=\"wpforms-submit-container\" ><input type=\"hidden\" name=\"wpforms[id]\" value=\"19\"><input type=\"hidden\" name=\"page_title\" value=\"\"><input type=\"hidden\" name=\"page_url\" value=\"https:\/\/tqstrading.com.br\/index.php?rest_route=\/wp\/v2\/pages\/74\"><input type=\"hidden\" name=\"url_referer\" value=\"\"><button type=\"submit\" name=\"wpforms[submit]\" id=\"wpforms-submit-19\" class=\"wpforms-submit\" data-alt-text=\"Enviando...\" data-submit-text=\"Enviar Mensagem\" aria-live=\"assertive\" value=\"wpforms-submit\">Enviar Mensagem<\/button><\/div><\/form><\/div>  <!-- .wpforms-container --><\/div><\/div> <\/div><\/div> <\/div><\/div>","protected":false},"excerpt":{"rendered":"<p>SOBRE N\u00d3S A Empresa TQS Trading atua no mercado de resinas com experi\u00eancia, profissionalismo e pontualidade na entrega.Nosso principal objetivo \u00e9 atender as necessidades do cliente, auxiliando a encontrar as melhores solu\u00e7\u00f5es.custo-benef\u00edcios em materiais.\u2022 Atacadista de Mat\u00e9ria Prima Prime\u2022 Material recuperado\/industrial PRODUTOS Trabalhamos com materiais, virgem, off grade, reciclados: p\u00f3s industria e p\u00f3s consumo: MATERIAIS&hellip; <br \/> <a class=\"read-more\" href=\"https:\/\/tqstrading.com.br\/\">Leia mais<\/a><\/p>\n","protected":false},"author":1,"featured_media":0,"parent":0,"menu_order":0,"comment_status":"closed","ping_status":"closed","template":"page-templates\/homepage.php","meta":{"footnotes":""},"class_list":["post-74","page","type-page","status-publish","hentry"],"_links":{"self":[{"href":"https:\/\/tqstrading.com.br\/index.php?rest_route=\/wp\/v2\/pages\/74","targetHints":{"allow":["GET"]}}],"collection":[{"href":"https:\/\/tqstrading.com.br\/index.php?rest_route=\/wp\/v2\/pages"}],"about":[{"href":"https:\/\/tqstrading.com.br\/index.php?rest_route=\/wp\/v2\/types\/page"}],"author":[{"embeddable":true,"href":"https:\/\/tqstrading.com.br\/index.php?rest_route=\/wp\/v2\/users\/1"}],"replies":[{"embeddable":true,"href":"https:\/\/tqstrading.com.br\/index.php?rest_route=%2Fwp%2Fv2%2Fcomments&post=74"}],"version-history":[{"count":14,"href":"https:\/\/tqstrading.com.br\/index.php?rest_route=\/wp\/v2\/pages\/74\/revisions"}],"predecessor-version":[{"id":118,"href":"https:\/\/tqstrading.com.br\/index.php?rest_route=\/wp\/v2\/pages\/74\/revisions\/118"}],"wp:attachment":[{"href":"https:\/\/tqstrading.com.br\/index.php?rest_route=%2Fwp%2Fv2%2Fmedia&parent=74"}],"curies":[{"name":"wp","href":"https:\/\/api.w.org\/{rel}","templated":true}]}}